{"id":818,"date":"2019-09-17T09:12:21","date_gmt":"2019-09-17T09:12:21","guid":{"rendered":"http:\/\/bourbach-le-bas.activemedia.fr\/?page_id=818"},"modified":"2026-02-26T08:17:24","modified_gmt":"2026-02-26T08:17:24","slug":"agenda","status":"publish","type":"page","link":"https:\/\/bourbach-le-bas.fr\/index.php\/agenda\/","title":{"rendered":"Agenda"},"content":{"rendered":"<div  class='avia-image-container  av-styling-    avia-builder-el-0  el_before_av_one_full  avia-builder-el-first  avia-align-center '  itemprop=\"image\" itemscope=\"itemscope\" itemtype=\"https:\/\/schema.org\/ImageObject\"  ><div class='avia-image-container-inner'><div class='avia-image-overlay-wrap'><a href='http:\/\/bourbach-le-bas.fr\/wp-content\/uploads\/2019\/09\/calendrier-des-manifestations-2019-converti.pdf' class='avia_image'   target=\"_blank\" ><img class='avia_image ' src='https:\/\/bourbach-le-bas.fr\/wp-content\/uploads\/2019\/09\/calendrier-des-manifestations-2019-converti-2.jpg' alt='' title=''  itemprop=\"thumbnailUrl\"  \/><\/a><\/div><\/div><\/div>\n<div class=\"flex_column av_one_full  flex_column_div av-zero-column-padding first  avia-builder-el-1  el_after_av_image  el_before_av_one_full  \" style='border-radius:0px; '><section class=\"av_textblock_section \"  itemscope=\"itemscope\" itemtype=\"https:\/\/schema.org\/CreativeWork\" ><div class='avia_textblock  av_inherit_color '  style='color:#bf073e; '  itemprop=\"text\" ><blockquote>\n<h3><strong>Retrouvez prochainement les dates des \u00e9v\u00e8nements de la commune<\/strong><\/h3>\n<\/blockquote>\n<\/div><\/section><\/div>\n<div class=\"flex_column av_one_full  flex_column_div av-zero-column-padding first  avia-builder-el-3  el_after_av_one_full  avia-builder-el-last  column-top-margin\" style='border-radius:0px; '><section class=\"av_textblock_section \"  itemscope=\"itemscope\" itemtype=\"https:\/\/schema.org\/CreativeWork\" ><div class='avia_textblock  av_inherit_color '   itemprop=\"text\" ><p><strong>MAI 2026<\/strong><\/p>\n<p><em><strong>Les 9 et 10 mai 2026 &#8211; Championnats de France Course d&rsquo;Orientation &#8211; CFCO2026<\/strong><\/em><\/p>\n<p><a href=\"https:\/\/bourbach-le-bas.fr\/wp-content\/uploads\/2026\/02\/Le-09_05_2026-Annonce-de-course-CFMD-2026-0104.pdf\">Le 09_05_2026 &#8211; Annonce-de-course-CFMD-2026-0104<\/a><\/p>\n<p><a href=\"https:\/\/bourbach-le-bas.fr\/wp-content\/uploads\/2026\/02\/Le-10_05_2026-Annonce-de-course-CFC-2026-0104.pdf\">Le 10_05_2026 &#8211; Annonce-de-course-CFC-2026-0104<\/a><\/p>\n<p>Si vous souhaitez contribuer \u00e0 cette manifestation, nous vous invitons \u00e0 vous faire conna\u00eetre, \u00e0 vous inscrire aupr\u00e8s du secr\u00e9tariat de mairie par t\u00e9l\u00e9phone, ou par mail. Vous serez ensuite convi\u00e9s \u00e0 participer aux r\u00e9unions pr\u00e9paratoires pr\u00e9alables.<\/p>\n<p>Il faudra des volontaires le vendredi 08 mai pour pr\u00e9parer les parkings et stationnements, le samedi de 8H00 \u00e0 15H00 pour la partie restauration puis pour le d\u00eener du soir 15h00 \u00e0 22H00 ainsi que le dimanche de 7H00 \u00e0 16H00 pour les m\u00eames t\u00e2ches. Ces horaires sont susceptibles d&rsquo;\u00eatre modifi\u00e9s selon l&rsquo;\u00e9volution de l&rsquo;organisation.<\/p>\n<p>Cette manifestation va certes bouleverser les habitudes des uns et des autres, mais elle contribuera \u00e0 la dynamique et \u00e0 l&rsquo;attractivit\u00e9 du village. Elle permettra \u00e9galement de dynamiser la vie sociale, de cr\u00e9er du lien entre les associations et l&rsquo;ensemble de notre communaut\u00e9 villageoise.<\/p>\n<p>Alors, nous comptons sur vous !<\/p>\n<\/div><\/section><\/div>\n","protected":false},"excerpt":{"rendered":"","protected":false},"author":1,"featured_media":0,"parent":0,"menu_order":0,"comment_status":"closed","ping_status":"closed","template":"","meta":{"footnotes":""},"class_list":["post-818","page","type-page","status-publish","hentry"],"yoast_head":"<!-- This site is optimized with the Yoast SEO plugin v25.5 - https:\/\/yoast.com\/wordpress\/plugins\/seo\/ -->\n<title>Agenda - Bourbach-le-Bas<\/title>\n<meta name=\"robots\" content=\"index, follow, max-snippet:-1, max-image-preview:large, max-video-preview:-1\" \/>\n<link rel=\"canonical\" href=\"https:\/\/bourbach-le-bas.fr\/index.php\/agenda\/\" \/>\n<meta property=\"og:locale\" content=\"fr_FR\" \/>\n<meta property=\"og:type\" content=\"article\" \/>\n<meta property=\"og:title\" content=\"Agenda - Bourbach-le-Bas\" \/>\n<meta property=\"og:url\" content=\"https:\/\/bourbach-le-bas.fr\/index.php\/agenda\/\" \/>\n<meta property=\"og:site_name\" content=\"Bourbach-le-Bas\" \/>\n<meta property=\"article:modified_time\" content=\"2026-02-26T08:17:24+00:00\" \/>\n<meta name=\"twitter:card\" content=\"summary_large_image\" \/>\n<meta name=\"twitter:label1\" content=\"Dur\u00e9e de lecture estim\u00e9e\" \/>\n\t<meta name=\"twitter:data1\" content=\"2 minutes\" \/>\n<script type=\"application\/ld+json\" class=\"yoast-schema-graph\">{\"@context\":\"https:\/\/schema.org\",\"@graph\":[{\"@type\":\"WebPage\",\"@id\":\"https:\/\/bourbach-le-bas.fr\/index.php\/agenda\/\",\"url\":\"https:\/\/bourbach-le-bas.fr\/index.php\/agenda\/\",\"name\":\"Agenda - Bourbach-le-Bas\",\"isPartOf\":{\"@id\":\"https:\/\/bourbach-le-bas.fr\/#website\"},\"datePublished\":\"2019-09-17T09:12:21+00:00\",\"dateModified\":\"2026-02-26T08:17:24+00:00\",\"breadcrumb\":{\"@id\":\"https:\/\/bourbach-le-bas.fr\/index.php\/agenda\/#breadcrumb\"},\"inLanguage\":\"fr-FR\",\"potentialAction\":[{\"@type\":\"ReadAction\",\"target\":[\"https:\/\/bourbach-le-bas.fr\/index.php\/agenda\/\"]}]},{\"@type\":\"BreadcrumbList\",\"@id\":\"https:\/\/bourbach-le-bas.fr\/index.php\/agenda\/#breadcrumb\",\"itemListElement\":[{\"@type\":\"ListItem\",\"position\":1,\"name\":\"Accueil\",\"item\":\"https:\/\/bourbach-le-bas.fr\/index.php\/accueil\/\"},{\"@type\":\"ListItem\",\"position\":2,\"name\":\"Agenda\"}]},{\"@type\":\"WebSite\",\"@id\":\"https:\/\/bourbach-le-bas.fr\/#website\",\"url\":\"https:\/\/bourbach-le-bas.fr\/\",\"name\":\"Bourbach-le-Bas\",\"description\":\"\",\"potentialAction\":[{\"@type\":\"SearchAction\",\"target\":{\"@type\":\"EntryPoint\",\"urlTemplate\":\"https:\/\/bourbach-le-bas.fr\/?s={search_term_string}\"},\"query-input\":{\"@type\":\"PropertyValueSpecification\",\"valueRequired\":true,\"valueName\":\"search_term_string\"}}],\"inLanguage\":\"fr-FR\"}]}<\/script>\n<!-- \/ Yoast SEO plugin. -->","yoast_head_json":{"title":"Agenda - Bourbach-le-Bas","robots":{"index":"index","follow":"follow","max-snippet":"max-snippet:-1","max-image-preview":"max-image-preview:large","max-video-preview":"max-video-preview:-1"},"canonical":"https:\/\/bourbach-le-bas.fr\/index.php\/agenda\/","og_locale":"fr_FR","og_type":"article","og_title":"Agenda - Bourbach-le-Bas","og_url":"https:\/\/bourbach-le-bas.fr\/index.php\/agenda\/","og_site_name":"Bourbach-le-Bas","article_modified_time":"2026-02-26T08:17:24+00:00","twitter_card":"summary_large_image","twitter_misc":{"Dur\u00e9e de lecture estim\u00e9e":"2 minutes"},"schema":{"@context":"https:\/\/schema.org","@graph":[{"@type":"WebPage","@id":"https:\/\/bourbach-le-bas.fr\/index.php\/agenda\/","url":"https:\/\/bourbach-le-bas.fr\/index.php\/agenda\/","name":"Agenda - Bourbach-le-Bas","isPartOf":{"@id":"https:\/\/bourbach-le-bas.fr\/#website"},"datePublished":"2019-09-17T09:12:21+00:00","dateModified":"2026-02-26T08:17:24+00:00","breadcrumb":{"@id":"https:\/\/bourbach-le-bas.fr\/index.php\/agenda\/#breadcrumb"},"inLanguage":"fr-FR","potentialAction":[{"@type":"ReadAction","target":["https:\/\/bourbach-le-bas.fr\/index.php\/agenda\/"]}]},{"@type":"BreadcrumbList","@id":"https:\/\/bourbach-le-bas.fr\/index.php\/agenda\/#breadcrumb","itemListElement":[{"@type":"ListItem","position":1,"name":"Accueil","item":"https:\/\/bourbach-le-bas.fr\/index.php\/accueil\/"},{"@type":"ListItem","position":2,"name":"Agenda"}]},{"@type":"WebSite","@id":"https:\/\/bourbach-le-bas.fr\/#website","url":"https:\/\/bourbach-le-bas.fr\/","name":"Bourbach-le-Bas","description":"","potentialAction":[{"@type":"SearchAction","target":{"@type":"EntryPoint","urlTemplate":"https:\/\/bourbach-le-bas.fr\/?s={search_term_string}"},"query-input":{"@type":"PropertyValueSpecification","valueRequired":true,"valueName":"search_term_string"}}],"inLanguage":"fr-FR"}]}},"_links":{"self":[{"href":"https:\/\/bourbach-le-bas.fr\/index.php\/wp-json\/wp\/v2\/pages\/818","targetHints":{"allow":["GET"]}}],"collection":[{"href":"https:\/\/bourbach-le-bas.fr\/index.php\/wp-json\/wp\/v2\/pages"}],"about":[{"href":"https:\/\/bourbach-le-bas.fr\/index.php\/wp-json\/wp\/v2\/types\/page"}],"author":[{"embeddable":true,"href":"https:\/\/bourbach-le-bas.fr\/index.php\/wp-json\/wp\/v2\/users\/1"}],"replies":[{"embeddable":true,"href":"https:\/\/bourbach-le-bas.fr\/index.php\/wp-json\/wp\/v2\/comments?post=818"}],"version-history":[{"count":27,"href":"https:\/\/bourbach-le-bas.fr\/index.php\/wp-json\/wp\/v2\/pages\/818\/revisions"}],"predecessor-version":[{"id":5507,"href":"https:\/\/bourbach-le-bas.fr\/index.php\/wp-json\/wp\/v2\/pages\/818\/revisions\/5507"}],"wp:attachment":[{"href":"https:\/\/bourbach-le-bas.fr\/index.php\/wp-json\/wp\/v2\/media?parent=818"}],"curies":[{"name":"wp","href":"https:\/\/api.w.org\/{rel}","templated":true}]}}