{"id":2693,"date":"2022-06-22T09:35:46","date_gmt":"2022-06-22T09:35:46","guid":{"rendered":"https:\/\/bourbach-le-bas.fr\/?page_id=2693"},"modified":"2026-03-02T15:23:37","modified_gmt":"2026-03-02T15:23:37","slug":"lierenbuckel","status":"publish","type":"page","link":"https:\/\/bourbach-le-bas.fr\/index.php\/lierenbuckel\/","title":{"rendered":"Salle du Lierenbuckel"},"content":{"rendered":"<div class=\"flex_column av_one_full  flex_column_div av-zero-column-padding first  avia-builder-el-0  el_before_av_one_half  avia-builder-el-first  \" style='border-radius:0px; '><div   data-size='featured'  data-lightbox_size='large'  data-animation='slide'  data-conditional_play=''  data-ids='2718,2716,2719,2720,2713,2714,2721,3517,2724'  data-video_counter='0'  data-autoplay='true'  data-bg_slider='false'  data-slide_height=''  data-handle='av_slideshow'  data-interval='3'  data-class=' avia-builder-el-1  avia-builder-el-no-sibling  '  data-el_id=''  data-css_id=''  data-scroll_down=''  data-control_layout='av-control-default'  data-custom_markup=''  data-perma_caption=''  data-autoplay_stopper=''  data-image_attachment=''  data-min_height='0px'  data-default-height='28.666666666667'  class='avia-slideshow avia-slideshow-1  av-control-default av-default-height-applied avia-slideshow-featured av_slideshow  avia-builder-el-1  avia-builder-el-no-sibling   avia-slide-slider '  itemprop=\"image\" itemscope=\"itemscope\" itemtype=\"https:\/\/schema.org\/ImageObject\" ><ul class='avia-slideshow-inner ' style='padding-bottom: 28.666666666667%;' ><li  class=' slide-1 ' ><div data-rel='slideshow-1' class='avia-slide-wrap '   ><img src='https:\/\/bourbach-le-bas.fr\/wp-content\/uploads\/2022\/06\/blb1-6.jpg' width='1500' height='430' title='blb1 (6)' alt=''  itemprop=\"thumbnailUrl\"   \/><\/div><\/li><li  class=' slide-2 ' ><div data-rel='slideshow-1' class='avia-slide-wrap '   ><img src='https:\/\/bourbach-le-bas.fr\/wp-content\/uploads\/2022\/06\/blb1-4.jpg' width='1500' height='430' title='blb1 (4)' alt=''  itemprop=\"thumbnailUrl\"   \/><\/div><\/li><li  class=' slide-3 ' ><div data-rel='slideshow-1' class='avia-slide-wrap '   ><img src='https:\/\/bourbach-le-bas.fr\/wp-content\/uploads\/2022\/06\/blb1-7.jpg' width='1500' height='430' title='blb1 (7)' alt=''  itemprop=\"thumbnailUrl\"   \/><\/div><\/li><li  class=' slide-4 ' ><div data-rel='slideshow-1' class='avia-slide-wrap '   ><img src='https:\/\/bourbach-le-bas.fr\/wp-content\/uploads\/2022\/06\/blb1-8.jpg' width='1500' height='430' title='blb1 (8)' alt=''  itemprop=\"thumbnailUrl\"   \/><\/div><\/li><li  class=' slide-5 ' ><div data-rel='slideshow-1' class='avia-slide-wrap '   ><img src='https:\/\/bourbach-le-bas.fr\/wp-content\/uploads\/2022\/06\/blb1-1.jpg' width='1500' height='430' title='blb1 (1)' alt=''  itemprop=\"thumbnailUrl\"   \/><\/div><\/li><li  class=' slide-6 ' ><div data-rel='slideshow-1' class='avia-slide-wrap '   ><img src='https:\/\/bourbach-le-bas.fr\/wp-content\/uploads\/2022\/06\/blb1-2.jpg' width='1500' height='430' title='blb1 (2)' alt=''  itemprop=\"thumbnailUrl\"   \/><\/div><\/li><li  class=' slide-7 ' ><div data-rel='slideshow-1' class='avia-slide-wrap '   ><img src='https:\/\/bourbach-le-bas.fr\/wp-content\/uploads\/2022\/06\/blb1-9.jpg' width='1500' height='430' title='blb1 (9)' alt=''  itemprop=\"thumbnailUrl\"   \/><\/div><\/li><li  class=' slide-8 ' ><div data-rel='slideshow-1' class='avia-slide-wrap '   ><img src='https:\/\/bourbach-le-bas.fr\/wp-content\/uploads\/2023\/04\/cuisine-1500x430.jpg' width='1500' height='430' title='cuisine' alt=''  itemprop=\"thumbnailUrl\"   \/><\/div><\/li><li  class=' slide-9 ' ><div data-rel='slideshow-1' class='avia-slide-wrap '   ><img src='https:\/\/bourbach-le-bas.fr\/wp-content\/uploads\/2022\/06\/Bourbach-Slide-3-1.jpg' width='1500' height='430' title='Bourbach Slide 3' alt=''  itemprop=\"thumbnailUrl\"   \/><\/div><\/li><\/ul><div class='avia-slideshow-arrows avia-slideshow-controls'><a href='#prev' class='prev-slide' aria-hidden='true' data-av_icon='\ue87c' data-av_iconfont='entypo-fontello'>Pr\u00e9c\u00e9dent<\/a><a href='#next' class='next-slide' aria-hidden='true' data-av_icon='\ue87d' data-av_iconfont='entypo-fontello'>Suivant<\/a><\/div><div class='avia-slideshow-dots avia-slideshow-controls'><a href='#1' class='goto-slide active' >1<\/a><a href='#2' class='goto-slide ' >2<\/a><a href='#3' class='goto-slide ' >3<\/a><a href='#4' class='goto-slide ' >4<\/a><a href='#5' class='goto-slide ' >5<\/a><a href='#6' class='goto-slide ' >6<\/a><a href='#7' class='goto-slide ' >7<\/a><a href='#8' class='goto-slide ' >8<\/a><a href='#9' class='goto-slide ' >9<\/a><\/div><\/div><\/div>\n<div class=\"flex_column av_one_half  flex_column_div av-zero-column-padding first  avia-builder-el-2  el_after_av_one_full  el_before_av_one_half  column-top-margin\" style='border-radius:0px; '><section class=\"av_textblock_section \"  itemscope=\"itemscope\" itemtype=\"https:\/\/schema.org\/CreativeWork\" ><div class='avia_textblock  '   itemprop=\"text\" ><p><strong>Pr\u00e9sentation de la salle du Lierenbuckel de Bourbach-le-Bas :<\/strong><\/p>\n<p>Implant\u00e9e dans un cadre naturel privil\u00e9gi\u00e9, la salle du Lierenbuckel, enti\u00e8rement r\u00e9nov\u00e9e en 2022, constitue un lieu id\u00e9al pour l\u2019organisation de vos \u00e9v\u00e9nements priv\u00e9s et familiaux (mariages, anniversaires, f\u00eates diverses, etc.).<\/p>\n<p>D\u2019une capacit\u00e9 d\u2019accueil maximale de 175 personnes, elle dispose d\u2019une cuisine professionnelle enti\u00e8rement \u00e9quip\u00e9e, comprenant notamment une chambre froide ainsi que l\u2019ensemble du mat\u00e9riel, des ustensiles et de la vaisselle n\u00e9cessaires, permettant soit la pr\u00e9paration directe des repas, soit l\u2019intervention facilit\u00e9e d\u2019un traiteur.<\/p>\n<p>L\u2019espace comprend \u00e9galement un bar \u00e9quip\u00e9 d\u2019une tireuse \u00e0 bi\u00e8re et d\u2019armoires r\u00e9frig\u00e9r\u00e9es. Le confort des usagers est assur\u00e9 par un syst\u00e8me de chauffage et de climatisation par pompe \u00e0 chaleur, compl\u00e9t\u00e9 par une centrale de traitement d\u2019air.<\/p>\n<p>La salle est accessible aux personnes \u00e0 mobilit\u00e9 r\u00e9duite (PMR), conform\u00e9ment \u00e0 la r\u00e9glementation en vigueur.<\/p>\n<p>Les \u00e9quipements ext\u00e9rieurs viennent compl\u00e9ter l\u2019ensemble : city-stade, terrain de p\u00e9tanque, sc\u00e8ne de plein air et vaste parking \u00e0 proximit\u00e9 imm\u00e9diate.<\/p>\n<p><em><strong>Compte tenu de la forte demande, toute r\u00e9servation doit \u00eatre effectu\u00e9e suffisamment en amont aupr\u00e8s de la Mairie.<\/strong><\/em><\/p>\n<p>Mail : mairie.bourbachlebas@numericable.fr &#8211; T\u00e9l\u00a0:03.89.82.50.45<\/p>\n<p>Voir ou t\u00e9l\u00e9charger les <a href=\"https:\/\/bourbach-le-bas.fr\/wp-content\/uploads\/2025\/01\/TARIFS-SALLE-AU-1ER-JANVIER-2025.pdf\" target=\"_blank\" rel=\"noopener\">tarifs<\/a><\/p>\n<p>Voir ou t\u00e9l\u00e9charger le <a href=\"https:\/\/bourbach-le-bas.fr\/wp-content\/uploads\/2025\/01\/REGLEMENT-SALLE-AU-1ER-JAN-2025-pdf.pdf\" target=\"_blank\" rel=\"noopener\">r\u00e8glement<\/a><\/p>\n<\/div><\/section><\/div>\n<div class=\"flex_column av_one_half  flex_column_div av-zero-column-padding   avia-builder-el-4  el_after_av_one_half  el_before_av_one_full  column-top-margin\" style='border-radius:0px; '><p><div   data-size='no scaling'  data-lightbox_size='large'  data-animation='slide'  data-conditional_play=''  data-ids='2744'  data-video_counter='0'  data-autoplay='true'  data-bg_slider='false'  data-slide_height=''  data-handle='av_slideshow'  data-interval='3'  data-class=' avia-builder-el-5  el_before_av_slideshow  avia-builder-el-first  '  data-el_id=''  data-css_id=''  data-scroll_down=''  data-control_layout='av-control-default'  data-custom_markup=''  data-perma_caption=''  data-autoplay_stopper=''  data-image_attachment=''  data-min_height='0px'  class='avia-slideshow avia-slideshow-2  av-control-default av-default-height-applied avia-slideshow-no scaling av_slideshow  avia-builder-el-5  el_before_av_slideshow  avia-builder-el-first   avia-slide-slider '  itemprop=\"image\" itemscope=\"itemscope\" itemtype=\"https:\/\/schema.org\/ImageObject\" ><ul class='avia-slideshow-inner ' style='padding-bottom: 66.6796875%;' ><li  class=' av-single-slide slide-1 ' ><div data-rel='slideshow-2' class='avia-slide-wrap '   ><img src='https:\/\/bourbach-le-bas.fr\/wp-content\/uploads\/2022\/06\/P3680080-scaled.jpg' width='2560' height='1707' title='P3680080' alt=''  itemprop=\"thumbnailUrl\"   \/><\/div><\/li><\/ul><\/div><br \/>\n<div   data-size='magazine'  data-lightbox_size='large'  data-animation='slide'  data-conditional_play=''  data-ids='4992,4991,4990,2718,4145,4141,4140,3963,3962,3961,3713,3658,3657,3654,3653,3652,3651,3532,3531,3530,3529,3528,4150,4149,5172,5171'  data-video_counter='0'  data-autoplay='true'  data-bg_slider='false'  data-slide_height=''  data-handle='av_slideshow'  data-interval='3'  data-class=' avia-builder-el-6  el_after_av_slideshow  avia-builder-el-last  '  data-el_id=''  data-css_id=''  data-scroll_down=''  data-control_layout='av-control-default'  data-custom_markup=''  data-perma_caption=''  data-autoplay_stopper=''  data-image_attachment=''  data-min_height='0px'  data-default-height='52.816901408451'  class='avia-slideshow avia-slideshow-3  av-control-default av-default-height-applied avia-slideshow-magazine av_slideshow  avia-builder-el-6  el_after_av_slideshow  avia-builder-el-last   avia-slide-slider '  itemprop=\"image\" itemscope=\"itemscope\" itemtype=\"https:\/\/schema.org\/ImageObject\" ><ul class='avia-slideshow-inner ' style='padding-bottom: 52.816901408451%;' ><li  class=' slide-1 ' ><div data-rel='slideshow-3' class='avia-slide-wrap '   ><img src='https:\/\/bourbach-le-bas.fr\/wp-content\/uploads\/2025\/07\/20250711_213043-710x375.jpg' width='710' height='375' title='20250711_213043' alt=''  itemprop=\"thumbnailUrl\"   \/><\/div><\/li><li  class=' slide-2 ' ><div data-rel='slideshow-3' class='avia-slide-wrap '   ><img src='https:\/\/bourbach-le-bas.fr\/wp-content\/uploads\/2025\/07\/1000005547-710x375.jpg' width='710' height='375' title='1000005547' alt=''  itemprop=\"thumbnailUrl\"   \/><\/div><\/li><li  class=' slide-3 ' ><div data-rel='slideshow-3' class='avia-slide-wrap '   ><img src='https:\/\/bourbach-le-bas.fr\/wp-content\/uploads\/2025\/07\/20250711_213128-710x375.jpg' width='710' height='375' title='20250711_213128' alt=''  itemprop=\"thumbnailUrl\"   \/><\/div><\/li><li  class=' slide-4 ' ><div data-rel='slideshow-3' class='avia-slide-wrap '   ><img src='https:\/\/bourbach-le-bas.fr\/wp-content\/uploads\/2022\/06\/blb1-6-710x375.jpg' width='710' height='375' title='blb1 (6)' alt=''  itemprop=\"thumbnailUrl\"   \/><\/div><\/li><li  class=' slide-5 ' ><div data-rel='slideshow-3' class='avia-slide-wrap '   ><img src='https:\/\/bourbach-le-bas.fr\/wp-content\/uploads\/2024\/01\/IMG-20230903-WA0025-710x375.jpg' width='710' height='375' title='IMG-20230903-WA0025' alt=''  itemprop=\"thumbnailUrl\"   \/><\/div><\/li><li  class=' slide-6 ' ><div data-rel='slideshow-3' class='avia-slide-wrap '   ><img src='https:\/\/bourbach-le-bas.fr\/wp-content\/uploads\/2024\/01\/DSC_0397-710x375.jpg' width='710' height='375' title='DSC_0397' alt=''  itemprop=\"thumbnailUrl\"   \/><\/div><\/li><li  class=' slide-7 ' ><div data-rel='slideshow-3' class='avia-slide-wrap '   ><img src='https:\/\/bourbach-le-bas.fr\/wp-content\/uploads\/2024\/01\/20240112_163805-710x375.jpg' width='710' height='375' title='20240112_163805' alt=''  itemprop=\"thumbnailUrl\"   \/><\/div><\/li><li  class=' slide-8 ' ><div data-rel='slideshow-3' class='avia-slide-wrap '   ><img src='https:\/\/bourbach-le-bas.fr\/wp-content\/uploads\/2023\/11\/20231028_174017-710x375.jpg' width='710' height='375' title='20231028_174017' alt=''  itemprop=\"thumbnailUrl\"   \/><\/div><\/li><li  class=' slide-9 ' ><div data-rel='slideshow-3' class='avia-slide-wrap '   ><img src='https:\/\/bourbach-le-bas.fr\/wp-content\/uploads\/2023\/11\/20231028_173749-710x375.jpg' width='710' height='375' title='20231028_173749' alt=''  itemprop=\"thumbnailUrl\"   \/><\/div><\/li><li  class=' slide-10 ' ><div data-rel='slideshow-3' class='avia-slide-wrap '   ><img src='https:\/\/bourbach-le-bas.fr\/wp-content\/uploads\/2023\/11\/Mariage-Frieh-710x375.jpg' width='710' height='375' title='Mariage Frieh' alt=''  itemprop=\"thumbnailUrl\"   \/><\/div><\/li><li  class=' slide-11 ' ><div data-rel='slideshow-3' class='avia-slide-wrap '   ><img src='https:\/\/bourbach-le-bas.fr\/wp-content\/uploads\/2023\/07\/20230710_104503-002-710x375.jpg' width='710' height='375' title='20230710_104503 (002)' alt=''  itemprop=\"thumbnailUrl\"   \/><\/div><\/li><li  class=' slide-12 ' ><div data-rel='slideshow-3' class='avia-slide-wrap '   ><img src='https:\/\/bourbach-le-bas.fr\/wp-content\/uploads\/2023\/06\/20230521_004801-002-710x375.jpg' width='710' height='375' title='20230521_004801 (002)' alt=''  itemprop=\"thumbnailUrl\"   \/><\/div><\/li><li  class=' slide-13 ' ><div data-rel='slideshow-3' class='avia-slide-wrap '   ><img src='https:\/\/bourbach-le-bas.fr\/wp-content\/uploads\/2023\/06\/20230520_183500-002-710x375.jpg' width='710' height='375' title='20230520_183500 (002)' alt=''  itemprop=\"thumbnailUrl\"   \/><\/div><\/li><li  class=' slide-14 ' ><div data-rel='slideshow-3' class='avia-slide-wrap '   ><img src='https:\/\/bourbach-le-bas.fr\/wp-content\/uploads\/2023\/06\/20230520_141156-002-710x375.jpg' width='710' height='375' title='20230520_141156 (002)' alt=''  itemprop=\"thumbnailUrl\"   \/><\/div><\/li><li  class=' slide-15 ' ><div data-rel='slideshow-3' class='avia-slide-wrap '   ><img src='https:\/\/bourbach-le-bas.fr\/wp-content\/uploads\/2023\/06\/DelphineGeoffrey-21-710x375.jpg' width='710' height='375' title='DelphineGeoffrey-21' alt=''  itemprop=\"thumbnailUrl\"   \/><\/div><\/li><li  class=' slide-16 ' ><div data-rel='slideshow-3' class='avia-slide-wrap '   ><img src='https:\/\/bourbach-le-bas.fr\/wp-content\/uploads\/2023\/06\/DelphineGeoffrey-153-710x375.jpg' width='710' height='375' title='DelphineGeoffrey-153' alt=''  itemprop=\"thumbnailUrl\"   \/><\/div><\/li><li  class=' slide-17 ' ><div data-rel='slideshow-3' class='avia-slide-wrap '   ><img src='https:\/\/bourbach-le-bas.fr\/wp-content\/uploads\/2023\/06\/DelphineGeoffrey-192-710x375.jpg' width='710' height='375' title='DelphineGeoffrey-192' alt=''  itemprop=\"thumbnailUrl\"   \/><\/div><\/li><li  class=' slide-18 ' ><div data-rel='slideshow-3' class='avia-slide-wrap '   ><img src='https:\/\/bourbach-le-bas.fr\/wp-content\/uploads\/2023\/04\/IMG-20230405-WA0013-002-710x375.jpg' width='710' height='375' title='IMG-20230405-WA0013 (002)' alt=''  itemprop=\"thumbnailUrl\"   \/><\/div><\/li><li  class=' slide-19 ' ><div data-rel='slideshow-3' class='avia-slide-wrap '   ><img src='https:\/\/bourbach-le-bas.fr\/wp-content\/uploads\/2023\/04\/IMG-20230405-WA0011-002-710x375.jpg' width='710' height='375' title='IMG-20230405-WA0011 (002)' alt=''  itemprop=\"thumbnailUrl\"   \/><\/div><\/li><li  class=' slide-20 ' ><div data-rel='slideshow-3' class='avia-slide-wrap '   ><img src='https:\/\/bourbach-le-bas.fr\/wp-content\/uploads\/2023\/04\/IMG-20230405-WA0012-002-710x375.jpg' width='710' height='375' title='IMG-20230405-WA0012 (002)' alt=''  itemprop=\"thumbnailUrl\"   \/><\/div><\/li><li  class=' slide-21 ' ><div data-rel='slideshow-3' class='avia-slide-wrap '   ><img src='https:\/\/bourbach-le-bas.fr\/wp-content\/uploads\/2023\/04\/m-salle-710x375.jpg' width='710' height='375' title='m salle' alt=''  itemprop=\"thumbnailUrl\"   \/><\/div><\/li><li  class=' slide-22 ' ><div data-rel='slideshow-3' class='avia-slide-wrap '   ><img src='https:\/\/bourbach-le-bas.fr\/wp-content\/uploads\/2023\/04\/20230318_190707-002-710x375.jpg' width='710' height='375' title='20230318_190707 (002)' alt=''  itemprop=\"thumbnailUrl\"   \/><\/div><\/li><li  class=' slide-23 ' ><div data-rel='slideshow-3' class='avia-slide-wrap '   ><img src='https:\/\/bourbach-le-bas.fr\/wp-content\/uploads\/2024\/01\/IMG_20230901_125618-710x375.jpg' width='710' height='375' title='IMG_20230901_125618' alt=''  itemprop=\"thumbnailUrl\"   \/><\/div><\/li><li  class=' slide-24 ' ><div data-rel='slideshow-3' class='avia-slide-wrap '   ><img src='https:\/\/bourbach-le-bas.fr\/wp-content\/uploads\/2024\/01\/IMG_20230901_125643-710x375.jpg' width='710' height='375' title='IMG_20230901_125643' alt=''  itemprop=\"thumbnailUrl\"   \/><\/div><\/li><li  class=' slide-25 ' ><div data-rel='slideshow-3' class='avia-slide-wrap '   ><img src='https:\/\/bourbach-le-bas.fr\/wp-content\/uploads\/2025\/10\/salle-710x375.jpg' width='710' height='375' title='salle' alt=''  itemprop=\"thumbnailUrl\"   \/><\/div><\/li><li  class=' slide-26 ' ><div data-rel='slideshow-3' class='avia-slide-wrap '   ><img src='https:\/\/bourbach-le-bas.fr\/wp-content\/uploads\/2025\/10\/salle-du-lierenbuckel-710x375.jpg' width='710' height='375' title='salle du lierenbuckel' alt=''  itemprop=\"thumbnailUrl\"   \/><\/div><\/li><\/ul><div class='avia-slideshow-arrows avia-slideshow-controls'><a href='#prev' class='prev-slide' aria-hidden='true' data-av_icon='\ue87c' data-av_iconfont='entypo-fontello'>Pr\u00e9c\u00e9dent<\/a><a href='#next' class='next-slide' aria-hidden='true' data-av_icon='\ue87d' data-av_iconfont='entypo-fontello'>Suivant<\/a><\/div><div class='avia-slideshow-dots avia-slideshow-controls'><a href='#1' class='goto-slide active' >1<\/a><a href='#2' class='goto-slide ' >2<\/a><a href='#3' class='goto-slide ' >3<\/a><a href='#4' class='goto-slide ' >4<\/a><a href='#5' class='goto-slide ' >5<\/a><a href='#6' class='goto-slide ' >6<\/a><a href='#7' class='goto-slide ' >7<\/a><a href='#8' class='goto-slide ' >8<\/a><a href='#9' class='goto-slide ' >9<\/a><a href='#10' class='goto-slide ' >10<\/a><a href='#11' class='goto-slide ' >11<\/a><a href='#12' class='goto-slide ' >12<\/a><a href='#13' class='goto-slide ' >13<\/a><a href='#14' class='goto-slide ' >14<\/a><a href='#15' class='goto-slide ' >15<\/a><a href='#16' class='goto-slide ' >16<\/a><a href='#17' class='goto-slide ' >17<\/a><a href='#18' class='goto-slide ' >18<\/a><a href='#19' class='goto-slide ' >19<\/a><a href='#20' class='goto-slide ' >20<\/a><a href='#21' class='goto-slide ' >21<\/a><a href='#22' class='goto-slide ' >22<\/a><a href='#23' class='goto-slide ' >23<\/a><a href='#24' class='goto-slide ' >24<\/a><a href='#25' class='goto-slide ' >25<\/a><a href='#26' class='goto-slide ' >26<\/a><\/div><\/div><\/p><\/div>\n<div class=\"flex_column av_one_full  flex_column_div av-zero-column-padding first  avia-builder-el-7  el_after_av_one_half  avia-builder-el-last  column-top-margin\" style='border-radius:0px; '><section class=\"av_textblock_section \"  itemscope=\"itemscope\" itemtype=\"https:\/\/schema.org\/CreativeWork\" ><div class='avia_textblock  '   itemprop=\"text\" ><p>Le locataire d\u00e9clare avoir pris connaissance du r\u00e8glement int\u00e9rieur ainsi que du plan d\u2019\u00e9vacuation. Un exemplaire de ces documents lui a \u00e9t\u00e9 remis et sign\u00e9 par ses soins.<\/p>\n<p>Il est rappel\u00e9 que la capacit\u00e9 maximale autoris\u00e9e de la salle est fix\u00e9e \u00e0 175 personnes.<\/p>\n<p>Toute sous-locations est interdite, sauf autorisation exceptionnelle d\u00e9livr\u00e9e par la Mairie.<\/p>\n<p>Les loyers sont exigibles apr\u00e8s facturation et doivent \u00eatre r\u00e9gl\u00e9s par ch\u00e8que, virement bancaire ou en esp\u00e8ce aupr\u00e8s de la tr\u00e9sorerie de Guebwiller.<\/p>\n<p>En cas d\u2019annulation de la r\u00e9servation, les sommes dues seront factur\u00e9es selon les modalit\u00e9s suivantes\u00a0:<\/p>\n<p>&#8211; 100% du montant si l\u2019annulation intervient moins de deux mois avant la date pr\u00e9vue de location,<\/p>\n<p>&#8211; 70% du montant si l\u2019annulation intervient entre deux et six mois avant la date pr\u00e9vue de location.<\/p>\n<p>Un ch\u00e8que de caution, \u00e9tabli \u00e0 l\u2019ordre du Tr\u00e9sor Public, devra \u00eatre remis lors du d\u00e9p\u00f4t du dossier.<\/p>\n<p>Le locataire devra \u00e9galement fournir une attestation d\u2019assurance responsabilit\u00e9 civile, mentionnant obligatoirement l\u2019adresse de la salle ainsi que les dates de location, au moment du d\u00e9p\u00f4t du dossier.<\/p>\n<p>Le nettoyage de la salle fera l\u2019objet d\u2019un contr\u00f4le lors de l\u2019\u00e9tat des lieux. Si celui-ci n\u2019est pas valid\u00e9 par l\u2019agent communal, un forfait nettoyage suppl\u00e9mentaire sera factur\u00e9 comme suit :<\/p>\n<p>\u2013 Pour une location week-end : 350\u20ac<br \/>\n\u2013 Pour une location journali\u00e8re : 200\u20ac<\/p>\n<p>Un \u00e9tat des lieux d\u2019entr\u00e9e et de sortie sera \u00e9tabli conjointement par le bailleur et le locataire. En cas de d\u00e9gradation, de d\u00e9t\u00e9rioration ou de casse de mobilier ou de mat\u00e9riel, un devis sera \u00e9tabli pour les r\u00e9parations ou remplacements n\u00e9cessaires. La caution ne sera restitu\u00e9e qu\u2019apr\u00e8s r\u00e8glement int\u00e9gral des sommes dues au titre des dommages constat\u00e9s.<\/p>\n<\/div><\/section><\/div>\n","protected":false},"excerpt":{"rendered":"","protected":false},"author":1,"featured_media":0,"parent":0,"menu_order":0,"comment_status":"closed","ping_status":"closed","template":"","meta":{"footnotes":""},"class_list":["post-2693","page","type-page","status-publish","hentry"],"yoast_head":"<!-- This site is optimized with the Yoast SEO plugin v25.5 - https:\/\/yoast.com\/wordpress\/plugins\/seo\/ -->\n<title>Salle du Lierenbuckel - Bourbach-le-Bas<\/title>\n<meta name=\"robots\" content=\"index, follow, max-snippet:-1, max-image-preview:large, max-video-preview:-1\" \/>\n<link rel=\"canonical\" href=\"https:\/\/bourbach-le-bas.fr\/index.php\/lierenbuckel\/\" \/>\n<meta property=\"og:locale\" content=\"fr_FR\" \/>\n<meta property=\"og:type\" content=\"article\" \/>\n<meta property=\"og:title\" content=\"Salle du Lierenbuckel - Bourbach-le-Bas\" \/>\n<meta property=\"og:url\" content=\"https:\/\/bourbach-le-bas.fr\/index.php\/lierenbuckel\/\" \/>\n<meta property=\"og:site_name\" content=\"Bourbach-le-Bas\" \/>\n<meta property=\"article:modified_time\" content=\"2026-03-02T15:23:37+00:00\" \/>\n<meta name=\"twitter:card\" content=\"summary_large_image\" \/>\n<meta name=\"twitter:label1\" content=\"Dur\u00e9e de lecture estim\u00e9e\" \/>\n\t<meta name=\"twitter:data1\" content=\"8 minutes\" \/>\n<script type=\"application\/ld+json\" class=\"yoast-schema-graph\">{\"@context\":\"https:\/\/schema.org\",\"@graph\":[{\"@type\":\"WebPage\",\"@id\":\"https:\/\/bourbach-le-bas.fr\/index.php\/lierenbuckel\/\",\"url\":\"https:\/\/bourbach-le-bas.fr\/index.php\/lierenbuckel\/\",\"name\":\"Salle du Lierenbuckel - Bourbach-le-Bas\",\"isPartOf\":{\"@id\":\"https:\/\/bourbach-le-bas.fr\/#website\"},\"datePublished\":\"2022-06-22T09:35:46+00:00\",\"dateModified\":\"2026-03-02T15:23:37+00:00\",\"breadcrumb\":{\"@id\":\"https:\/\/bourbach-le-bas.fr\/index.php\/lierenbuckel\/#breadcrumb\"},\"inLanguage\":\"fr-FR\",\"potentialAction\":[{\"@type\":\"ReadAction\",\"target\":[\"https:\/\/bourbach-le-bas.fr\/index.php\/lierenbuckel\/\"]}]},{\"@type\":\"BreadcrumbList\",\"@id\":\"https:\/\/bourbach-le-bas.fr\/index.php\/lierenbuckel\/#breadcrumb\",\"itemListElement\":[{\"@type\":\"ListItem\",\"position\":1,\"name\":\"Accueil\",\"item\":\"https:\/\/bourbach-le-bas.fr\/index.php\/accueil\/\"},{\"@type\":\"ListItem\",\"position\":2,\"name\":\"Salle du Lierenbuckel\"}]},{\"@type\":\"WebSite\",\"@id\":\"https:\/\/bourbach-le-bas.fr\/#website\",\"url\":\"https:\/\/bourbach-le-bas.fr\/\",\"name\":\"Bourbach-le-Bas\",\"description\":\"\",\"potentialAction\":[{\"@type\":\"SearchAction\",\"target\":{\"@type\":\"EntryPoint\",\"urlTemplate\":\"https:\/\/bourbach-le-bas.fr\/?s={search_term_string}\"},\"query-input\":{\"@type\":\"PropertyValueSpecification\",\"valueRequired\":true,\"valueName\":\"search_term_string\"}}],\"inLanguage\":\"fr-FR\"}]}<\/script>\n<!-- \/ Yoast SEO plugin. -->","yoast_head_json":{"title":"Salle du Lierenbuckel - Bourbach-le-Bas","robots":{"index":"index","follow":"follow","max-snippet":"max-snippet:-1","max-image-preview":"max-image-preview:large","max-video-preview":"max-video-preview:-1"},"canonical":"https:\/\/bourbach-le-bas.fr\/index.php\/lierenbuckel\/","og_locale":"fr_FR","og_type":"article","og_title":"Salle du Lierenbuckel - Bourbach-le-Bas","og_url":"https:\/\/bourbach-le-bas.fr\/index.php\/lierenbuckel\/","og_site_name":"Bourbach-le-Bas","article_modified_time":"2026-03-02T15:23:37+00:00","twitter_card":"summary_large_image","twitter_misc":{"Dur\u00e9e de lecture estim\u00e9e":"8 minutes"},"schema":{"@context":"https:\/\/schema.org","@graph":[{"@type":"WebPage","@id":"https:\/\/bourbach-le-bas.fr\/index.php\/lierenbuckel\/","url":"https:\/\/bourbach-le-bas.fr\/index.php\/lierenbuckel\/","name":"Salle du Lierenbuckel - Bourbach-le-Bas","isPartOf":{"@id":"https:\/\/bourbach-le-bas.fr\/#website"},"datePublished":"2022-06-22T09:35:46+00:00","dateModified":"2026-03-02T15:23:37+00:00","breadcrumb":{"@id":"https:\/\/bourbach-le-bas.fr\/index.php\/lierenbuckel\/#breadcrumb"},"inLanguage":"fr-FR","potentialAction":[{"@type":"ReadAction","target":["https:\/\/bourbach-le-bas.fr\/index.php\/lierenbuckel\/"]}]},{"@type":"BreadcrumbList","@id":"https:\/\/bourbach-le-bas.fr\/index.php\/lierenbuckel\/#breadcrumb","itemListElement":[{"@type":"ListItem","position":1,"name":"Accueil","item":"https:\/\/bourbach-le-bas.fr\/index.php\/accueil\/"},{"@type":"ListItem","position":2,"name":"Salle du Lierenbuckel"}]},{"@type":"WebSite","@id":"https:\/\/bourbach-le-bas.fr\/#website","url":"https:\/\/bourbach-le-bas.fr\/","name":"Bourbach-le-Bas","description":"","potentialAction":[{"@type":"SearchAction","target":{"@type":"EntryPoint","urlTemplate":"https:\/\/bourbach-le-bas.fr\/?s={search_term_string}"},"query-input":{"@type":"PropertyValueSpecification","valueRequired":true,"valueName":"search_term_string"}}],"inLanguage":"fr-FR"}]}},"_links":{"self":[{"href":"https:\/\/bourbach-le-bas.fr\/index.php\/wp-json\/wp\/v2\/pages\/2693","targetHints":{"allow":["GET"]}}],"collection":[{"href":"https:\/\/bourbach-le-bas.fr\/index.php\/wp-json\/wp\/v2\/pages"}],"about":[{"href":"https:\/\/bourbach-le-bas.fr\/index.php\/wp-json\/wp\/v2\/types\/page"}],"author":[{"embeddable":true,"href":"https:\/\/bourbach-le-bas.fr\/index.php\/wp-json\/wp\/v2\/users\/1"}],"replies":[{"embeddable":true,"href":"https:\/\/bourbach-le-bas.fr\/index.php\/wp-json\/wp\/v2\/comments?post=2693"}],"version-history":[{"count":54,"href":"https:\/\/bourbach-le-bas.fr\/index.php\/wp-json\/wp\/v2\/pages\/2693\/revisions"}],"predecessor-version":[{"id":5395,"href":"https:\/\/bourbach-le-bas.fr\/index.php\/wp-json\/wp\/v2\/pages\/2693\/revisions\/5395"}],"wp:attachment":[{"href":"https:\/\/bourbach-le-bas.fr\/index.php\/wp-json\/wp\/v2\/media?parent=2693"}],"curies":[{"name":"wp","href":"https:\/\/api.w.org\/{rel}","templated":true}]}}